{"id":398,"date":"2025-11-04T18:16:39","date_gmt":"2025-11-04T18:16:39","guid":{"rendered":"https:\/\/creditvillage.news\/cvlab\/?page_id=398"},"modified":"2026-04-13T07:40:05","modified_gmt":"2026-04-13T07:40:05","slug":"home","status":"publish","type":"page","link":"https:\/\/creditvillage.news\/cvlab\/","title":{"rendered":"Home"},"content":{"rendered":"[vc_row thb_full_width=&#8221;true&#8221; thb_row_padding=&#8221;true&#8221; thb_column_padding=&#8221;true&#8221; thb_scroll_bottom=&#8221;true&#8221; thb_scroll_bottom_style=&#8221;style4&#8243; thb_scroll_bottom_color=&#8221;light&#8221; css=&#8221;.vc_custom_1770204215016{padding-top: 5vh !important;padding-bottom: 10vh !important;background: #a91239 url(https:\/\/creditvillage.news\/cvlab\/wp-content\/uploads\/2025\/11\/BANNER-CVLAB-SITO.png?id=517) !important;background-position: center !important;background-repeat: no-repeat !important;background-size: cover !important;}&#8221; thb_divider_color=&#8221;#f1f5f7&#8243; thb_divider_height=&#8221;100&#8243;][vc_column][vc_row_inner][vc_column_inner width=&#8221;2\/3&#8243; css=&#8221;.vc_custom_1762504316755{padding-top: 3% !important;padding-right: 3% !important;padding-left: 3% !important;background-color: #ffffff !important;}&#8221;][vc_column_text]<span style=\"font-size: 20px;\"><strong>I mercati cambiano. Le competenze si evolvono.<br \/>\nPer restare al passo servono nuove skill e formazione continua.<\/strong><\/span><\/p>\n<p><span style=\"font-size: 20px;\"><strong>CVLab<\/strong>, il laboratorio di <strong>Credit Village<\/strong>, aiuta manager, professionisti ed imprese a mantenersi aggiornati e potenziare le proprie conoscenze. Un programma di <strong>corsi<\/strong> e <strong>momenti di formazione<\/strong> dedicati alle diverse aree e segmenti dell\u2019<strong>ecosistema del credito<\/strong> nelle diverse Industry. Corsi pratici, contenuti sempre attuali, autorevoli docenti e un obiettivo chiaro: trasformare la <strong>conoscenza in competenza<\/strong>, e la <strong>competenza in valore<\/strong>.<\/span>[\/vc_column_text][\/vc_column_inner][vc_column_inner width=&#8221;1\/3&#8243; css=&#8221;.vc_custom_1762511688865{border-top-width: 1px !important;border-right-width: 1px !important;border-bottom-width: 1px !important;border-left-width: 1px !important;padding-top: 15% !important;padding-right: 5% !important;padding-bottom: 5% !important;padding-left: 5% !important;}&#8221;]\t<div id=\"thb-image-69e738e2e0438\" class=\"caption-style1  aligncenter   thb_image_link wp-caption \">\n\t\t\t<div class=\"thb-image-inner size_100\">\n\t\t\t<img loading=\"lazy\" decoding=\"async\" width=\"1000\" height=\"723\" src=\"https:\/\/creditvillage.news\/cvlab\/wp-content\/uploads\/2023\/11\/LOGO-LAB-BIANCO-CON-PAYOFF-e1762355149255.png\" class=\"thb_image retina_size   attachment-full\" alt=\"\" srcset=\"https:\/\/creditvillage.news\/cvlab\/wp-content\/uploads\/2023\/11\/LOGO-LAB-BIANCO-CON-PAYOFF-e1762355149255.png 1000w, https:\/\/creditvillage.news\/cvlab\/wp-content\/uploads\/2023\/11\/LOGO-LAB-BIANCO-CON-PAYOFF-e1762355149255-300x217.png 300w, https:\/\/creditvillage.news\/cvlab\/wp-content\/uploads\/2023\/11\/LOGO-LAB-BIANCO-CON-PAYOFF-e1762355149255-768x555.png 768w, https:\/\/creditvillage.news\/cvlab\/wp-content\/uploads\/2023\/11\/LOGO-LAB-BIANCO-CON-PAYOFF-e1762355149255-380x275.png 380w, https:\/\/creditvillage.news\/cvlab\/wp-content\/uploads\/2023\/11\/LOGO-LAB-BIANCO-CON-PAYOFF-e1762355149255-20x14.png 20w, https:\/\/creditvillage.news\/cvlab\/wp-content\/uploads\/2023\/11\/LOGO-LAB-BIANCO-CON-PAYOFF-e1762355149255-190x137.png 190w, https:\/\/creditvillage.news\/cvlab\/wp-content\/uploads\/2023\/11\/LOGO-LAB-BIANCO-CON-PAYOFF-e1762355149255-760x549.png 760w\" sizes=\"auto, (max-width: 1000px) 100vw, 1000px\" \/>\t\t\t\t\t<\/div>\n\t\t\t\t\t<\/div>\n\t[\/vc_column_inner][\/vc_row_inner][\/vc_column][\/vc_row][vc_row el_class=&#8221;align-center&#8221; css=&#8221;.vc_custom_1762512082888{padding-top: 10vh !important;padding-bottom: 4vh !important;}&#8221; el_id=&#8221;corsi&#8221;][vc_column offset=&#8221;vc_col-lg-8 vc_col-md-11&#8243; el_class=&#8221;text-center&#8221;][vc_column_text animation=&#8221;animation bottom-to-top-3d&#8221;]\n<h2 class=\"fw-300 center\">I nostri corsi di formazione<\/h2>\n[\/vc_column_text][vc_separator color=&#8221;custom&#8221; border_width=&#8221;2&#8243; el_width=&#8221;20&#8243; accent_color=&#8221;#a91239&#8243;][vc_column_text]<span style=\"font-size: 20px;\">Nuove sfide richiedono nuove competenze. I corsi di <strong>CVLab<\/strong> offrono percorsi mirati per chi vuole aggiornarsi, ampliare il proprio know-how e restare al passo con l\u2019evoluzione del mercato del credito. Sessioni online e in presenza, docenti qualificati, contenuti pratici: ogni appuntamento \u00e8 un\u2019occasione per crescere professionalmente e trasformare l\u2019esperienza in valore reale.<\/span>[\/vc_column_text][\/vc_column][\/vc_row][vc_row css=&#8221;.vc_custom_1776065998704{margin-right: 10% !important;margin-left: 10% !important;padding-bottom: % !important;}&#8221; el_class=&#8221;align-center&#8221;][vc_column width=&#8221;1\/2&#8243; box_shadow=&#8221;medium-shadow&#8221; animation=&#8221;animation bottom-to-top&#8221; css=&#8221;.vc_custom_1762510647332{border-top-width: 1px !important;border-right-width: 1px !important;border-bottom-width: 1px !important;border-left-width: 1px !important;padding-top: 5% !important;padding-right: 5% !important;padding-bottom: 5% !important;padding-left: 5% !important;border-left-color: #ededed !important;border-left-style: solid !important;border-right-color: #ededed !important;border-right-style: solid !important;border-top-color: #ededed !important;border-top-style: solid !important;border-bottom-color: #ededed !important;border-bottom-style: solid !important;border-radius: 10px !important;}&#8221;]\t<div id=\"thb-image-69e738e2e0b4f\" class=\"caption-style1  aligncenter   thb_image_link wp-caption \">\n\t\t\t<a class=\"\" href=\"https:\/\/creditvillage.news\/cvlab\/corsi\/recupero-crediti-nel-settore-utilitie-gestione-degli-asse-kpi-performance-peculiarita-normative\/\" target=\"_self\" title=\"\" data-thb-group=\"\">\n\t\t\t<div class=\"thb-image-inner size_100\">\n\t\t\t<img loading=\"lazy\" decoding=\"async\" width=\"600\" height=\"250\" src=\"https:\/\/creditvillage.news\/cvlab\/wp-content\/uploads\/2025\/11\/poweredby.png\" class=\"thb_image    attachment-full\" alt=\"\" srcset=\"https:\/\/creditvillage.news\/cvlab\/wp-content\/uploads\/2025\/11\/poweredby.png 600w, https:\/\/creditvillage.news\/cvlab\/wp-content\/uploads\/2025\/11\/poweredby-300x125.png 300w, https:\/\/creditvillage.news\/cvlab\/wp-content\/uploads\/2025\/11\/poweredby-380x158.png 380w, https:\/\/creditvillage.news\/cvlab\/wp-content\/uploads\/2025\/11\/poweredby-20x9.png 20w, https:\/\/creditvillage.news\/cvlab\/wp-content\/uploads\/2025\/11\/poweredby-190x79.png 190w\" sizes=\"auto, (max-width: 600px) 100vw, 600px\" \/>\t\t\t\t\t<\/div>\n\t\t\t<\/a>\n\t\t\t\t\t<\/div>\n\t[vc_empty_space height=&#8221;15px&#8221;][vc_column_text el_class=&#8221;titolo_corsi&#8221;]\n<h4><a href=\"https:\/\/creditvillage.news\/cvlab\/corsi\/recupero-crediti-nel-settore-utilitie-gestione-degli-asse-kpi-performance-peculiarita-normative\/\"><span style=\"color: #a91239; font-size: 26px;\">Recupero crediti nel settore Utilities: asset, KPI e normativa<\/span><\/a><\/h4>\n[\/vc_column_text][vc_separator]\t<div class=\"thb-iconlist \" id=\"thb-iconlist-69e738e2e1094\">\n\t\t<ul>\n\t\t\t\t\t\t  <li class=\"thb-iconlist-li \">\n\t\t\t\t  <i class=\"fas fa-angle-right\"><\/i>\n\t\t\t\tUTILITIES\t\t\t  <\/li>\n\t\t  \t\t<\/ul>\n\t\t<style>\n\t\t\t\t\t\t\t\t<\/style>\n\t<\/div>\n\t\t<div class=\"thb-iconlist data\" id=\"thb-iconlist-69e738e2e1105\">\n\t\t<ul>\n\t\t\t\t\t\t  <li class=\"thb-iconlist-li \">\n\t\t\t\t  <i class=\"far fa-calendar-alt\"><\/i>\n\t\t\t\tMaggio 2026\t\t\t  <\/li>\n\t\t  \t\t<\/ul>\n\t\t<style>\n\t\t\t\t\t\t\t\t<\/style>\n\t<\/div>\n\t\t<div class=\"thb-iconlist \" id=\"thb-iconlist-69e738e2e115c\">\n\t\t<ul>\n\t\t\t\t\t\t  <li class=\"thb-iconlist-li \">\n\t\t\t\t  <i class=\"far fa-hourglass\"><\/i>\n\t\t\t\tMarted\u00ec 5 &gt; Gioved\u00ec 7 &gt; Marted\u00ec 12 &gt; Gioved\u00ec 14 &gt; Marted\u00ec 19\t\t\t  <\/li>\n\t\t  \t\t<\/ul>\n\t\t<style>\n\t\t\t\t\t\t\t\t<\/style>\n\t<\/div>\n\t\t<div class=\"thb-iconlist \" id=\"thb-iconlist-69e738e2e11bb\">\n\t\t<ul>\n\t\t\t\t\t\t  <li class=\"thb-iconlist-li \">\n\t\t\t\t  <i class=\"fas fa-map-marker-alt\"><\/i>\n\t\t\t\tLive Streaming o in Aula a Milano\t\t\t  <\/li>\n\t\t  \t\t<\/ul>\n\t\t<style>\n\t\t\t\t\t\t\t\t<\/style>\n\t<\/div>\n\t\t<div class=\"thb-iconlist \" id=\"thb-iconlist-69e738e2e120b\">\n\t\t<ul>\n\t\t\t\t\t\t  <li class=\"thb-iconlist-li \">\n\t\t\t\t  <i class=\"fas fa-history\"><\/i>\n\t\t\t\t15 Ore | 5 Moduli\t\t\t  <\/li>\n\t\t  \t\t<\/ul>\n\t\t<style>\n\t\t\t\t\t\t\t\t<\/style>\n\t<\/div>\n\t[vc_separator]\t<a id=\"thb-button-69e738e2e12ae\" class=\"btn style4 large full accent pill-radius  align-center text-center thb_shadow \" href=\"https:\/\/creditvillage.news\/cvlab\/corsi\/recupero-crediti-nel-settore-utilitie-gestione-degli-asse-kpi-performance-peculiarita-normative\/\" target=\"_self\" role=\"button\">\n\t\t<span>SCOPRI DI PI\u00d9<\/span>\n\t\t\t<\/a>\n\t\t[\/vc_column][\/vc_row][vc_row disable_element=&#8221;yes&#8221; css=&#8221;.vc_custom_1776065972212{margin-right: 10% !important;margin-left: 10% !important;padding-bottom: % !important;}&#8221;][vc_column width=&#8221;1\/2&#8243; box_shadow=&#8221;medium-shadow&#8221; animation=&#8221;animation bottom-to-top&#8221; css=&#8221;.vc_custom_1762510647332{border-top-width: 1px !important;border-right-width: 1px !important;border-bottom-width: 1px !important;border-left-width: 1px !important;padding-top: 5% !important;padding-right: 5% !important;padding-bottom: 5% !important;padding-left: 5% !important;border-left-color: #ededed !important;border-left-style: solid !important;border-right-color: #ededed !important;border-right-style: solid !important;border-top-color: #ededed !important;border-top-style: solid !important;border-bottom-color: #ededed !important;border-bottom-style: solid !important;border-radius: 10px !important;}&#8221;]\t<div id=\"thb-image-69e738e2e132a\" class=\"caption-style1  aligncenter   thb_image_link wp-caption \">\n\t\t\t<a class=\"\" href=\"https:\/\/creditvillage.news\/cvlab\/corsi\/recupero-crediti-nel-settore-utilitie-gestione-degli-asse-kpi-performance-peculiarita-normative\/\" target=\"_self\" title=\"\" data-thb-group=\"\">\n\t\t\t<div class=\"thb-image-inner size_100\">\n\t\t\t<img loading=\"lazy\" decoding=\"async\" width=\"600\" height=\"250\" src=\"https:\/\/creditvillage.news\/cvlab\/wp-content\/uploads\/2025\/11\/poweredby.png\" class=\"thb_image    attachment-full\" alt=\"\" srcset=\"https:\/\/creditvillage.news\/cvlab\/wp-content\/uploads\/2025\/11\/poweredby.png 600w, https:\/\/creditvillage.news\/cvlab\/wp-content\/uploads\/2025\/11\/poweredby-300x125.png 300w, https:\/\/creditvillage.news\/cvlab\/wp-content\/uploads\/2025\/11\/poweredby-380x158.png 380w, https:\/\/creditvillage.news\/cvlab\/wp-content\/uploads\/2025\/11\/poweredby-20x9.png 20w, https:\/\/creditvillage.news\/cvlab\/wp-content\/uploads\/2025\/11\/poweredby-190x79.png 190w\" sizes=\"auto, (max-width: 600px) 100vw, 600px\" \/>\t\t\t\t\t<\/div>\n\t\t\t<\/a>\n\t\t\t\t\t<\/div>\n\t[vc_empty_space height=&#8221;15px&#8221;][vc_column_text el_class=&#8221;titolo_corsi&#8221;]\n<h4><a href=\"https:\/\/creditvillage.news\/cvlab\/corsi\/recupero-crediti-nel-settore-utilitie-gestione-degli-asse-kpi-performance-peculiarita-normative\/\"><span style=\"color: #a91239; font-size: 26px;\">Recupero crediti nel settore Utilities: asset, KPI e normativa<\/span><\/a><\/h4>\n[\/vc_column_text][vc_separator]\t<div class=\"thb-iconlist \" id=\"thb-iconlist-69e738e2e1616\">\n\t\t<ul>\n\t\t\t\t\t\t  <li class=\"thb-iconlist-li \">\n\t\t\t\t  <i class=\"fas fa-angle-right\"><\/i>\n\t\t\t\tUTILITIES\t\t\t  <\/li>\n\t\t  \t\t<\/ul>\n\t\t<style>\n\t\t\t\t\t\t\t\t<\/style>\n\t<\/div>\n\t\t<div class=\"thb-iconlist data\" id=\"thb-iconlist-69e738e2e166f\">\n\t\t<ul>\n\t\t\t\t\t\t  <li class=\"thb-iconlist-li \">\n\t\t\t\t  <i class=\"far fa-calendar-alt\"><\/i>\n\t\t\t\tMaggio 2026\t\t\t  <\/li>\n\t\t  \t\t<\/ul>\n\t\t<style>\n\t\t\t\t\t\t\t\t<\/style>\n\t<\/div>\n\t\t<div class=\"thb-iconlist \" id=\"thb-iconlist-69e738e2e16bf\">\n\t\t<ul>\n\t\t\t\t\t\t  <li class=\"thb-iconlist-li \">\n\t\t\t\t  <i class=\"far fa-hourglass\"><\/i>\n\t\t\t\tMarted\u00ec 5 &gt; Gioved\u00ec 7 &gt; Marted\u00ec 12 &gt; Gioved\u00ec 14 &gt; Marted\u00ec 19\t\t\t  <\/li>\n\t\t  \t\t<\/ul>\n\t\t<style>\n\t\t\t\t\t\t\t\t<\/style>\n\t<\/div>\n\t\t<div class=\"thb-iconlist \" id=\"thb-iconlist-69e738e2e1717\">\n\t\t<ul>\n\t\t\t\t\t\t  <li class=\"thb-iconlist-li \">\n\t\t\t\t  <i class=\"fas fa-map-marker-alt\"><\/i>\n\t\t\t\tLive Streaming o in Aula a Milano\t\t\t  <\/li>\n\t\t  \t\t<\/ul>\n\t\t<style>\n\t\t\t\t\t\t\t\t<\/style>\n\t<\/div>\n\t\t<div class=\"thb-iconlist \" id=\"thb-iconlist-69e738e2e1763\">\n\t\t<ul>\n\t\t\t\t\t\t  <li class=\"thb-iconlist-li \">\n\t\t\t\t  <i class=\"fas fa-history\"><\/i>\n\t\t\t\t15 Ore | 5 Moduli\t\t\t  <\/li>\n\t\t  \t\t<\/ul>\n\t\t<style>\n\t\t\t\t\t\t\t\t<\/style>\n\t<\/div>\n\t[vc_separator]\t<a id=\"thb-button-69e738e2e17ca\" class=\"btn style4 large full accent pill-radius  align-center text-center thb_shadow \" href=\"https:\/\/creditvillage.news\/cvlab\/corsi\/recupero-crediti-nel-settore-utilitie-gestione-degli-asse-kpi-performance-peculiarita-normative\/\" target=\"_self\" role=\"button\">\n\t\t<span>SCOPRI DI PI\u00d9<\/span>\n\t\t\t<\/a>\n\t\t[\/vc_column][vc_column width=&#8221;1\/2&#8243; box_shadow=&#8221;medium-shadow&#8221; animation=&#8221;animation bottom-to-top&#8221; css=&#8221;.vc_custom_1762356196191{border-top-width: 1px !important;border-right-width: 1px !important;border-bottom-width: 1px !important;border-left-width: 1px !important;padding-top: 5% !important;padding-right: 5% !important;padding-bottom: 5% !important;padding-left: 5% !important;background-position: center !important;background-repeat: no-repeat !important;background-size: cover !important;border-left-color: #ededed !important;border-left-style: solid !important;border-right-color: #ededed !important;border-right-style: solid !important;border-top-color: #ededed !important;border-top-style: solid !important;border-bottom-color: #ededed !important;border-bottom-style: solid !important;border-radius: 10px !important;}&#8221;]\t<div id=\"thb-image-69e738e2e1829\" class=\"caption-style1  aligncenter   thb_image_link wp-caption \">\n\t\t\t<a class=\"\" href=\"https:\/\/creditvillage.news\/cvlab\/corsi\/recupero-crediti-nel-settore-utilitie-gestione-degli-asse-kpi-performance-peculiarita-normative\/\" target=\"_self\" title=\"\" data-thb-group=\"\">\n\t\t\t<div class=\"thb-image-inner size_100\">\n\t\t\t<img loading=\"lazy\" decoding=\"async\" width=\"600\" height=\"250\" src=\"https:\/\/creditvillage.news\/cvlab\/wp-content\/uploads\/2025\/11\/poweredby.png\" class=\"thb_image    attachment-full\" alt=\"\" srcset=\"https:\/\/creditvillage.news\/cvlab\/wp-content\/uploads\/2025\/11\/poweredby.png 600w, https:\/\/creditvillage.news\/cvlab\/wp-content\/uploads\/2025\/11\/poweredby-300x125.png 300w, https:\/\/creditvillage.news\/cvlab\/wp-content\/uploads\/2025\/11\/poweredby-380x158.png 380w, https:\/\/creditvillage.news\/cvlab\/wp-content\/uploads\/2025\/11\/poweredby-20x9.png 20w, https:\/\/creditvillage.news\/cvlab\/wp-content\/uploads\/2025\/11\/poweredby-190x79.png 190w\" sizes=\"auto, (max-width: 600px) 100vw, 600px\" \/>\t\t\t\t\t<\/div>\n\t\t\t<\/a>\n\t\t\t\t\t<\/div>\n\t[vc_empty_space height=&#8221;15px&#8221;][vc_column_text el_class=&#8221;titolo_corsi&#8221;]\n<h4><a href=\"https:\/\/creditvillage.news\/cvlab\/corsi\/recupero-crediti-e-privacy-tutto-quello-che-serve-sapere-per-la-privacy-nel-recupero-crediti\/\"><span style=\"color: #a91239; font-size: 26px;\">Privacy e Recupero Crediti<\/span><\/a><\/h4>\n[\/vc_column_text][vc_separator]\t<div class=\"thb-iconlist \" id=\"thb-iconlist-69e738e2e1b11\">\n\t\t<ul>\n\t\t\t\t\t\t  <li class=\"thb-iconlist-li \">\n\t\t\t\t  <i class=\"fas fa-angle-right\"><\/i>\n\t\t\t\tPRIVACY\t\t\t  <\/li>\n\t\t  \t\t<\/ul>\n\t\t<style>\n\t\t\t\t\t\t\t\t<\/style>\n\t<\/div>\n\t\t<div class=\"thb-iconlist data\" id=\"thb-iconlist-69e738e2e1b67\">\n\t\t<ul>\n\t\t\t\t\t\t  <li class=\"thb-iconlist-li \">\n\t\t\t\t  <i class=\"far fa-calendar-alt\"><\/i>\n\t\t\t\tAprile 2026\t\t\t  <\/li>\n\t\t  \t\t<\/ul>\n\t\t<style>\n\t\t\t\t\t\t\t\t<\/style>\n\t<\/div>\n\t\t<div class=\"thb-iconlist \" id=\"thb-iconlist-69e738e2e1bb7\">\n\t\t<ul>\n\t\t\t\t\t\t  <li class=\"thb-iconlist-li \">\n\t\t\t\t  <i class=\"far fa-hourglass\"><\/i>\n\t\t\t\tGioved\u00ec 9 &gt; Marted\u00ec 14 &gt; Gioved\u00ec 16 &gt; Marted\u00ec 21\t\t\t  <\/li>\n\t\t  \t\t<\/ul>\n\t\t<style>\n\t\t\t\t\t\t\t\t<\/style>\n\t<\/div>\n\t\t<div class=\"thb-iconlist \" id=\"thb-iconlist-69e738e2e1c0a\">\n\t\t<ul>\n\t\t\t\t\t\t  <li class=\"thb-iconlist-li \">\n\t\t\t\t  <i class=\"fas fa-map-marker-alt\"><\/i>\n\t\t\t\tLive Streaming o in Aula a Milano\t\t\t  <\/li>\n\t\t  \t\t<\/ul>\n\t\t<style>\n\t\t\t\t\t\t\t\t<\/style>\n\t<\/div>\n\t\t<div class=\"thb-iconlist \" id=\"thb-iconlist-69e738e2e1c67\">\n\t\t<ul>\n\t\t\t\t\t\t  <li class=\"thb-iconlist-li \">\n\t\t\t\t  <i class=\"fas fa-history\"><\/i>\n\t\t\t\t10 Ore | 4 Moduli\t\t\t  <\/li>\n\t\t  \t\t<\/ul>\n\t\t<style>\n\t\t\t\t\t\t\t\t<\/style>\n\t<\/div>\n\t[vc_separator]\t<a id=\"thb-button-69e738e2e1ccd\" class=\"btn style4 large full accent pill-radius  align-center text-center thb_shadow \" href=\"https:\/\/creditvillage.news\/cvlab\/corsi\/recupero-crediti-e-privacy-tutto-quello-che-serve-sapere-per-la-privacy-nel-recupero-crediti\/\" target=\"_self\" role=\"button\">\n\t\t<span>SCOPRI DI PI\u00d9<\/span>\n\t\t\t<\/a>\n\t\t[\/vc_column][\/vc_row][vc_row thb_full_width=&#8221;true&#8221; thb_column_padding=&#8221;true&#8221; thb_divider_color=&#8221;#f1f1f1&#8243; thb_divider_height=&#8221;130&#8243; css=&#8221;.vc_custom_1762511619930{margin-top: 5vh !important;margin-bottom: 5vh !important;background-position: center !important;background-repeat: no-repeat !important;background-size: cover !important;}&#8221;][vc_column animation=&#8221;animation bottom-to-top-3d&#8221;][vc_row_inner content_placement=&#8221;middle&#8221; box_shadow=&#8221;medium-shadow&#8221; css=&#8221;.vc_custom_1762511582073{padding-top: 40px !important;padding-right: 40px !important;padding-bottom: 40px !important;padding-left: 40px !important;background: #a91239 url(https:\/\/creditvillage.news\/cvlab\/wp-content\/uploads\/2025\/11\/BANNER-CVLAB-TAILOR-MADE-2.png?id=565) !important;background-position: center !important;background-repeat: no-repeat !important;background-size: cover !important;border-radius: 10px !important;}&#8221; thb_border_radius=&#8221;6px&#8221; el_class=&#8221;cta-row&#8221;][vc_column_inner width=&#8221;1\/2&#8243;]\t<div id=\"thb-slidetype-69e738e2e1d19\" class=\"thb-slidetype \" data-style=\"style1\">\n\t\t\n<h2><span class=\"thb-slidetype-entry\"><span class=\"lines\">Formazione<strong><em>Tailor-Made<\/em><\/strong><\/span><\/span><\/h2>\n\t\t\t\t<style>\n\t\t\t#thb-slidetype-69e738e2e1d19 .thb-slidetype-entry {\n\t\t\t\tcolor: #ffffff;\n\t\t\t}\n\t\t<\/style>\n\t\t\t<\/div>\n\n\t\t<div id=\"thb-slidetype-69e738e2e1d5a\" class=\"thb-slidetype \" data-style=\"style1\">\n\t\t\n<h4><span class=\"thb-slidetype-entry\"><span class=\"lines\">Percorsi su misura per aziende e professionisti che vogliono potenziare competenze strategiche e manageriali. Ogni programma \u00e8 costruito intorno agli obiettivi del team, per trasformare la teoria in risultati concreti.<\/span><\/span><\/h4>\n\t\t\t\t<style>\n\t\t\t#thb-slidetype-69e738e2e1d5a .thb-slidetype-entry {\n\t\t\t\tcolor: #ffffff;\n\t\t\t}\n\t\t<\/style>\n\t\t\t<\/div>\n\n\t[\/vc_column_inner][vc_column_inner el_class=&#8221;medium-text-right&#8221; width=&#8221;1\/2&#8243;]\t<a id=\"thb-button-69e738e2e1dae\" class=\"btn style1 medium  white pill-radius animation bottom-to-top-3d  thb_shadow arrow-enabled\" href=\"https:\/\/creditvillage.news\/cvlab\/contatti\/\" target=\"_self\" role=\"button\">\n\t\t<span>CONSULENZA PERSONALIZZATA<\/span>\n\t<svg xmlns=\"http:\/\/www.w3.org\/2000\/svg\" xmlns:xlink=\"http:\/\/www.w3.org\/1999\/xlink\" x=\"0px\" y=\"0px\"\r\n\t width=\"30px\" height=\"18px\" viewBox=\"0 0 30 18\" enable-background=\"new 0 0 30 18\" xml:space=\"preserve\">\r\n<path class=\"handle\" d=\"M20.305,16.212c-0.407,0.409-0.407,1.071,0,1.479s1.068,0.408,1.476,0l7.914-7.952c0.408-0.409,0.408-1.071,0-1.481\r\n\tl-7.914-7.952c-0.407-0.409-1.068-0.409-1.476,0s-0.407,1.071,0,1.48l7.185,7.221L20.305,16.212z\"\/>\r\n<path class=\"bar\" fill-rule=\"evenodd\" clip-rule=\"evenodd\" d=\"M1,8h28.001c0.551,0,1,0.448,1,1c0,0.553-0.449,1-1,1H1c-0.553,0-1-0.447-1-1\r\n\tC0,8.448,0.447,8,1,8z\"\/>\r\n<\/svg>\r\n\t\t<\/a>\n\t\t[\/vc_column_inner][\/vc_row_inner][\/vc_column][\/vc_row]\n","protected":false},"excerpt":{"rendered":"<p>[vc_row thb_full_width=&#8221;true&#8221; thb_row_padding=&#8221;true&#8221; thb_column_padding=&#8221;true&#8221; thb_scroll_bottom=&#8221;true&#8221; thb_scroll_bottom_style=&#8221;style4&#8243; thb_scroll_bottom_color=&#8221;light&#8221; css=&#8221;.vc_custom_1770204215016{padding-top: 5vh !important;padding-bottom: 10vh !important;background: #a91239 url(https:\/\/creditvillage.news\/cvlab\/wp-content\/uploads\/2025\/11\/BANNER-CVLAB-SITO.png?id=517) !important;background-position: center !important;background-repeat: no-repeat !important;background-size: cover !important;}&#8221; thb_divider_color=&#8221;#f1f5f7&#8243; thb_divider_height=&#8221;100&#8243;][vc_column][vc_row_inner][vc_column_inner width=&#8221;2\/3&#8243; css=&#8221;.vc_custom_1762504316755{padding-top: 3% !important;padding-right: 3% !important;padding-left: 3% !important;background-color: #ffffff !important;}&#8221;][vc_column_text]I mercati cambiano. Le competenze si evolvono. Per restare al passo servono nuove skill e formazione continua. CVLab, il laboratorio di Credit Village,&hellip;<\/p>\n","protected":false},"author":1,"featured_media":0,"parent":0,"menu_order":0,"comment_status":"closed","ping_status":"closed","template":"","meta":{"footnotes":""},"class_list":["post-398","page","type-page","status-publish","hentry"],"_links":{"self":[{"href":"https:\/\/creditvillage.news\/cvlab\/wp-json\/wp\/v2\/pages\/398","targetHints":{"allow":["GET"]}}],"collection":[{"href":"https:\/\/creditvillage.news\/cvlab\/wp-json\/wp\/v2\/pages"}],"about":[{"href":"https:\/\/creditvillage.news\/cvlab\/wp-json\/wp\/v2\/types\/page"}],"author":[{"embeddable":true,"href":"https:\/\/creditvillage.news\/cvlab\/wp-json\/wp\/v2\/users\/1"}],"replies":[{"embeddable":true,"href":"https:\/\/creditvillage.news\/cvlab\/wp-json\/wp\/v2\/comments?post=398"}],"version-history":[{"count":136,"href":"https:\/\/creditvillage.news\/cvlab\/wp-json\/wp\/v2\/pages\/398\/revisions"}],"predecessor-version":[{"id":1189,"href":"https:\/\/creditvillage.news\/cvlab\/wp-json\/wp\/v2\/pages\/398\/revisions\/1189"}],"wp:attachment":[{"href":"https:\/\/creditvillage.news\/cvlab\/wp-json\/wp\/v2\/media?parent=398"}],"curies":[{"name":"wp","href":"https:\/\/api.w.org\/{rel}","templated":true}]}}